{"id":70,"date":"2020-03-19T13:49:42","date_gmt":"2020-03-19T12:49:42","guid":{"rendered":"http:\/\/www.joza.sk\/?page_id=67"},"modified":"2020-04-05T21:03:43","modified_gmt":"2020-04-05T20:03:43","slug":"civilna-ochrana","status":"publish","type":"page","link":"https:\/\/www.joza.sk\/?page_id=70","title":{"rendered":"Civiln\u00e1 ochrana"},"content":{"rendered":"\n<h2 class=\"wp-block-heading\">Civiln\u00e1 ochrana<\/h2>\n\n\n\n<br>\n\n\n\n<div class=\"wp-block-image\"><figure class=\"alignright is-resized\"><img loading=\"lazy\" decoding=\"async\" src=\"https:\/\/www.naprezitie.sk\/2791-large_default\/maska-plynova-orig-polska-mp5.jpg\" alt=\"Maska plynov\u00e1 orig. po\u013esk\u00e1 &quot;MP5&quot;\" width=\"344\" height=\"344\"\/><\/figure><\/div>\n\n\n\n<ul class=\"wp-block-list\"><li>Poradenstvo v oblasti CO<\/li><li>Pr\u00edprava ved\u00facich a ostatn\u00fdch zamestnancov na zabezpe\u010denie CO<\/li><li>Spracovanie z\u00e1konom stanovenej dokument\u00e1cie CO zamestn\u00e1vate\u013ea<\/li><li>Pr\u00edprava zamestnancov na sebaochranu a vz\u00e1jomn\u00fa pomoc <\/li><\/ul>\n\n\n\n<br>\n\n\n\n<div class=\"wp-block-button aligncenter\"><a class=\"wp-block-button__link\" href=\"http:\/\/joza.sk#services\">Sp\u00e4\u0165 na hlavn\u00fa str\u00e1nku<\/a><\/div>\n\n\n\n<p><\/p>\n","protected":false},"excerpt":{"rendered":"<p>Civiln\u00e1 ochrana Poradenstvo v oblasti CO Pr\u00edprava ved\u00facich a ostatn\u00fdch zamestnancov na zabezpe\u010denie CO Spracovanie z\u00e1konom stanovenej dokument\u00e1cie CO zamestn\u00e1vate\u013ea Pr\u00edprava zamestnancov na sebaochranu a vz\u00e1jomn\u00fa pomoc<\/p>\n","protected":false},"author":1,"featured_media":1290,"parent":0,"menu_order":3,"comment_status":"closed","ping_status":"closed","template":"","meta":{"footnotes":""},"class_list":["post-70","page","type-page","status-publish","has-post-thumbnail","hentry"],"_links":{"self":[{"href":"https:\/\/www.joza.sk\/index.php?rest_route=\/wp\/v2\/pages\/70","targetHints":{"allow":["GET"]}}],"collection":[{"href":"https:\/\/www.joza.sk\/index.php?rest_route=\/wp\/v2\/pages"}],"about":[{"href":"https:\/\/www.joza.sk\/index.php?rest_route=\/wp\/v2\/types\/page"}],"author":[{"embeddable":true,"href":"https:\/\/www.joza.sk\/index.php?rest_route=\/wp\/v2\/users\/1"}],"replies":[{"embeddable":true,"href":"https:\/\/www.joza.sk\/index.php?rest_route=%2Fwp%2Fv2%2Fcomments&post=70"}],"version-history":[{"count":14,"href":"https:\/\/www.joza.sk\/index.php?rest_route=\/wp\/v2\/pages\/70\/revisions"}],"predecessor-version":[{"id":1447,"href":"https:\/\/www.joza.sk\/index.php?rest_route=\/wp\/v2\/pages\/70\/revisions\/1447"}],"wp:featuredmedia":[{"embeddable":true,"href":"https:\/\/www.joza.sk\/index.php?rest_route=\/wp\/v2\/media\/1290"}],"wp:attachment":[{"href":"https:\/\/www.joza.sk\/index.php?rest_route=%2Fwp%2Fv2%2Fmedia&parent=70"}],"curies":[{"name":"wp","href":"https:\/\/api.w.org\/{rel}","templated":true}]}}