{"id":66,"date":"2020-03-19T13:49:42","date_gmt":"2020-03-19T12:49:42","guid":{"rendered":"http:\/\/www.joza.sk\/?page_id=66"},"modified":"2020-04-05T20:57:24","modified_gmt":"2020-04-05T19:57:24","slug":"ochrana-pred-poziarmi","status":"publish","type":"page","link":"https:\/\/www.joza.sk\/?page_id=66","title":{"rendered":"Ochrana pred po\u017eiarmi"},"content":{"rendered":"\n<h2 class=\"wp-block-heading\">Ochrana pred po\u017eiarmi<\/h2>\n\n\n\n<div class=\"wp-block-image\"><figure class=\"alignright is-resized\"><img loading=\"lazy\" decoding=\"async\" src=\"https:\/\/obozp.sk\/wp-content\/uploads\/2016\/04\/cropped-flat-logo.png\" alt=\"OCHRANA PRED PO\u017dIARMI -\" width=\"256\" height=\"256\"\/><\/figure><\/div>\n\n\n\n<br>\n\n\n\n<ul class=\"wp-block-list\"><li>\u0160pecialista po\u017eiarnej ochrany<\/li><li>Vypracovanie dokument\u00e1cie ochrany pred po\u017eiarmi<\/li><li>Odborn\u00e1 pr\u00edprava na \u00faseku ochrany pred po\u017eiarmi<\/li><li>Poradenstvo v oblasti ochrany pred po\u017eiarmi<\/li><li>Predaj hasiacich pr\u00edstrojov, hydrantov\u00e9ho materi\u00e1lu a pr\u00edslu\u0161enstva <\/li><\/ul>\n\n\n\n<br>\n\n\n\n<div class=\"wp-block-button aligncenter\"><a class=\"wp-block-button__link\" href=\"http:\/\/joza.sk\/#services\">Sp\u00e4\u0165 na hlavn\u00fa str\u00e1nku<\/a><\/div>\n","protected":false},"excerpt":{"rendered":"<p>Ochrana pred po\u017eiarmi \u0160pecialista po\u017eiarnej ochrany Vypracovanie dokument\u00e1cie ochrany pred po\u017eiarmi Odborn\u00e1 pr\u00edprava na \u00faseku ochrany pred po\u017eiarmi Poradenstvo v oblasti ochrany pred po\u017eiarmi Predaj hasiacich pr\u00edstrojov, hydrantov\u00e9ho materi\u00e1lu a pr\u00edslu\u0161enstva<\/p>\n","protected":false},"author":1,"featured_media":1293,"parent":0,"menu_order":2,"comment_status":"closed","ping_status":"closed","template":"","meta":{"footnotes":""},"class_list":["post-66","page","type-page","status-publish","has-post-thumbnail","hentry"],"_links":{"self":[{"href":"https:\/\/www.joza.sk\/index.php?rest_route=\/wp\/v2\/pages\/66","targetHints":{"allow":["GET"]}}],"collection":[{"href":"https:\/\/www.joza.sk\/index.php?rest_route=\/wp\/v2\/pages"}],"about":[{"href":"https:\/\/www.joza.sk\/index.php?rest_route=\/wp\/v2\/types\/page"}],"author":[{"embeddable":true,"href":"https:\/\/www.joza.sk\/index.php?rest_route=\/wp\/v2\/users\/1"}],"replies":[{"embeddable":true,"href":"https:\/\/www.joza.sk\/index.php?rest_route=%2Fwp%2Fv2%2Fcomments&post=66"}],"version-history":[{"count":18,"href":"https:\/\/www.joza.sk\/index.php?rest_route=\/wp\/v2\/pages\/66\/revisions"}],"predecessor-version":[{"id":1442,"href":"https:\/\/www.joza.sk\/index.php?rest_route=\/wp\/v2\/pages\/66\/revisions\/1442"}],"wp:featuredmedia":[{"embeddable":true,"href":"https:\/\/www.joza.sk\/index.php?rest_route=\/wp\/v2\/media\/1293"}],"wp:attachment":[{"href":"https:\/\/www.joza.sk\/index.php?rest_route=%2Fwp%2Fv2%2Fmedia&parent=66"}],"curies":[{"name":"wp","href":"https:\/\/api.w.org\/{rel}","templated":true}]}}