{"id":64,"date":"2020-03-19T13:49:42","date_gmt":"2020-03-19T12:49:42","guid":{"rendered":"http:\/\/www.joza.sk\/?page_id=64"},"modified":"2020-04-05T20:58:12","modified_gmt":"2020-04-05T19:58:12","slug":"bezpecnost-a-ochrany-zdravia-pri-praci","status":"publish","type":"page","link":"https:\/\/www.joza.sk\/?page_id=64","title":{"rendered":"Bezpe\u010dnos\u0165 a ochrana zdravia pri pr\u00e1ci"},"content":{"rendered":"\n<h2 class=\"wp-block-heading\">Bezpe\u010dnos\u0165 a ochrana zdravia pri pr\u00e1ci<\/h2>\n\n\n\n<br>\n\n\n\n<div class=\"wp-block-image\"><figure class=\"alignright is-resized\"><img loading=\"lazy\" decoding=\"async\" src=\"https:\/\/www.istp.sk\/clanky_ilustracie\/12223-articleheadline.jpg\" alt=\"\u010cl\u00e1nok - Z\u00e1kladn\u00e9 povinnosti zamestn\u00e1vate\u013ea v oblasti BOZP\" width=\"510\" height=\"349\"\/><\/figure><\/div>\n\n\n\n<ul class=\"wp-block-list\"><li>Poradenstvo v oblasti BOZP<\/li><li>Autorizovan\u00fd bezpe\u010dnostn\u00fd technik<\/li><li>Bezpe\u010dnostnotechnick\u00e1 slu\u017eba<\/li><li>\u0160etrenie pracovn\u00fdch \u00farazov<\/li><li>Koordin\u00e1tor bezpe\u010dnosti stavieb<\/li><li>Spracovanie z\u00e1konom stanovenej dokument\u00e1cie<\/li><li>Organizovanie a realiz\u00e1cia kurzov a \u0161kolen\u00ed<\/li><li>Predaj bezpe\u010dnostn\u00e9ho zna\u010denia<\/li><li>Predaj lek\u00e1rni\u010diek   <\/li><\/ul>\n\n\n\n<br>\n\n\n\n<div class=\"wp-block-button aligncenter\"><a class=\"wp-block-button__link\" href=\"http:\/\/joza.sk\/#services\">Sp\u00e4\u0165 na hlavn\u00fa str\u00e1nku<\/a><\/div>\n","protected":false},"excerpt":{"rendered":"<p>Bezpe\u010dnos\u0165 a ochrana zdravia pri pr\u00e1ci Poradenstvo v oblasti BOZP Autorizovan\u00fd bezpe\u010dnostn\u00fd technik Bezpe\u010dnostnotechnick\u00e1 slu\u017eba \u0160etrenie pracovn\u00fdch \u00farazov Koordin\u00e1tor bezpe\u010dnosti stavieb Spracovanie z\u00e1konom stanovenej dokument\u00e1cie Organizovanie a realiz\u00e1cia kurzov a \u0161kolen\u00ed Predaj bezpe\u010dnostn\u00e9ho zna\u010denia Predaj lek\u00e1rni\u010diek<\/p>\n","protected":false},"author":1,"featured_media":1289,"parent":0,"menu_order":1,"comment_status":"closed","ping_status":"closed","template":"","meta":{"footnotes":""},"class_list":["post-64","page","type-page","status-publish","has-post-thumbnail","hentry"],"_links":{"self":[{"href":"https:\/\/www.joza.sk\/index.php?rest_route=\/wp\/v2\/pages\/64","targetHints":{"allow":["GET"]}}],"collection":[{"href":"https:\/\/www.joza.sk\/index.php?rest_route=\/wp\/v2\/pages"}],"about":[{"href":"https:\/\/www.joza.sk\/index.php?rest_route=\/wp\/v2\/types\/page"}],"author":[{"embeddable":true,"href":"https:\/\/www.joza.sk\/index.php?rest_route=\/wp\/v2\/users\/1"}],"replies":[{"embeddable":true,"href":"https:\/\/www.joza.sk\/index.php?rest_route=%2Fwp%2Fv2%2Fcomments&post=64"}],"version-history":[{"count":28,"href":"https:\/\/www.joza.sk\/index.php?rest_route=\/wp\/v2\/pages\/64\/revisions"}],"predecessor-version":[{"id":1429,"href":"https:\/\/www.joza.sk\/index.php?rest_route=\/wp\/v2\/pages\/64\/revisions\/1429"}],"wp:featuredmedia":[{"embeddable":true,"href":"https:\/\/www.joza.sk\/index.php?rest_route=\/wp\/v2\/media\/1289"}],"wp:attachment":[{"href":"https:\/\/www.joza.sk\/index.php?rest_route=%2Fwp%2Fv2%2Fmedia&parent=64"}],"curies":[{"name":"wp","href":"https:\/\/api.w.org\/{rel}","templated":true}]}}