{"id":21,"date":"2020-03-17T21:24:07","date_gmt":"2020-03-17T20:24:07","guid":{"rendered":"http:\/\/www.joza.sk\/?page_id=21"},"modified":"2020-04-05T21:06:22","modified_gmt":"2020-04-05T20:06:22","slug":"poradenstvo","status":"publish","type":"page","link":"https:\/\/www.joza.sk\/?page_id=21","title":{"rendered":"Poradenstvo"},"content":{"rendered":"\n<h2 class=\"has-text-align-center wp-block-heading\"><strong>Poradenstvo<\/strong><\/h2>\n\n\n\n<p><strong>JOZA, s.r.o. v r\u00e1mci poradenstva poskytuje poradensk\u00e9 slu\u017eby v oblasti odborn\u00fdch, metodick\u00fdch, organiza\u010dn\u00fdch, kontroln\u00fdch, koordina\u010dn\u00fdch, vzdel\u00e1vac\u00edch a in\u00fdch \u00faloh pri zais\u0165ovan\u00ed v oblasti bezpe\u010dnosti a ochrany zdravia pri pr\u00e1ci, ochrany pred po\u017eiarmi a civilnej ochrany a pon\u00faka nasledovn\u00e9 slu\u017eby:<\/strong><\/p>\n\n\n\n<ul class=\"wp-block-list\"><li>\u2022 zabezpe\u010denie v\u00fdchovy a vzdel\u00e1vania a aktualiza\u010dn\u00fdch odborn\u00fdch pr\u00edprav v oblasti BOZP v zmysle \u00a7 27 z\u00e1kona \u010d. 124\/2006 Z. z. o bezpe\u010dnosti a ochrane zdravia pri pr\u00e1ci a o zmene a doplnen\u00ed niektor\u00fdch z\u00e1konov v znen\u00ed neskor\u0161\u00edch predpisov v rozsahu opr\u00e1vnen\u00ed na VaV (01.1, 03.2, 03.4, 06.1, 07.2, 08.1, 09.1, 10.2, 10.3)<\/li><li>\u2022 zabezpe\u010dovanie v\u00fdkonu autorizovan\u00e9ho bezpe\u010dnostn\u00e9ho technika, bezpe\u010dnostn\u00e9ho technika, technika po\u017eiarnej ochrany a civilnej ochrany obyvate\u013estva dod\u00e1vate\u013esk\u00fdm sp\u00f4sobom v zmysle \u00a7 22 z\u00e1kona \u010d. 124\/2006 Z. z. o bezpe\u010dnosti a ochrane zdravia pri pr\u00e1ci a o zmene a doplnen\u00ed niektor\u00fdch z\u00e1konov (bezpe\u010dnostnotechnick\u00e1 slu\u017eba) v znen\u00ed neskor\u0161\u00edch prepisov, z\u00e1kona \u010d. 314\/2001 Z.z. o ochrane pred po\u017eiarmi v znen\u00ed neskor\u0161\u00edch predpisov a z\u00e1kona \u010d. 42\/1994 Z.z. o civilnej ochrane obyvate\u013estva v znen\u00ed neskor\u0161\u00edch predpisov,<\/li><li>\u2022 komplexn\u00e9 poradenstvo v oblasti bezpe\u010dnosti a ochrany zdravia pri pr\u00e1ci (BOZP), pracovn\u00e9ho prostredia, ergon\u00f3mie, ochrany pred po\u017eiarmi (OPP) a civilnej ochrany (CO),<\/li><li>\u2022 spracovanie p\u00edsomn\u00e9ho dokumentu o pos\u00faden\u00ed rizika pri v\u0161etk\u00fdch \u010dinnostiach vykon\u00e1van\u00fdch zamestnancami v zmysle z\u00e1kona \u010d. 124\/2006 Z.z. o BOZP v znen\u00ed neskor\u0161\u00edch prepisov (identifik\u00e1cia nebezpe\u010denstiev a ohrozenia),<\/li><li>\u2022 zhodnotenie skutkov\u00e9ho stavu plnenia z\u00e1kladn\u00fdch po\u017eiadaviek z oblasti BOZP, ochrany pred po\u017eiarmi a civilnej ochrany obyvate\u013estva v zmysle platn\u00fdch pr\u00e1vnych predpisov,<\/li><li>\u2022 spracovanie z\u00e1konom stanovenej dokument\u00e1cie v oblastiach BOZP,<\/li><li>\u2022 poradenstvo pri vy\u0161etrovan\u00ed pr\u00ed\u010din vzniku pracovn\u00fdch \u00farazov,<\/li><li>\u2022 vypracovanie pl\u00e1nov bezpe\u010dnosti a ochrany zdravia pri pr\u00e1ci na stavenisku v zmysle nariadenia vl\u00e1dy \u010d. 396\/2006 Z.z.,<\/li><li>\u2022 spracovanie dokument\u00e1cie ochrany pred po\u017eiarmi v zmysle z\u00e1kona \u010d. 314\/2001 Z.z. o OPP a vyhl\u00e1\u0161ky. \u010d. 121\/2002 Z.z. (po\u017earny \u0161tat\u00fat, po\u017eiarne poplachov\u00e9 smernice, obsah a rozsah \u0161kolenia o ochrane pred po\u017eiarmi, odborn\u00e1 pr\u00edprava protipo\u017eiarnych hliadok a pod.),<\/li><li>\u2022 vykon\u00e1vanie prevent\u00edvnych protipo\u017eiarnych prehliadok, ur\u010dovanie miest so zv\u00fd\u0161en\u00fdm nebezpe\u010denstvom vzniku po\u017eiaru a po\u010dtu \u010dlenov protipo\u017eiarnych hliadok,<\/li><li>\u2022 vykon\u00e1vanie mont\u00e1\u017ee, opr\u00e1v, prehliadok a prevent\u00edvnych \u00fadr\u017eieb po\u017eiarnych uz\u00e1verov klapiek a dver\u00ed v zmysle vyhl\u00e1\u0161ky \u010d. 478\/2008 Z.z.,<\/li><li>\u2022 vyprac\u00favanie rie\u0161en\u00ed protipo\u017eiarnej bezpe\u010dnosti v projektov\u00fdch dokument\u00e1ciach stavieb,<\/li><li>\u2022 vypracovanie a aktualiz\u00e1ciu pl\u00e1nov ochrany obyvate\u013estva a zamestnancov a vzdel\u00e1vacia \u010dinnos\u0165 na \u00faseku CO,<\/li><li>\u2022 predaj bezpe\u010dnostn\u00e9ho zna\u010denia, hasiacich pr\u00edstrojov a lek\u00e1rni\u010diek,<\/li><li>\u2022 vykon\u00e1vame odborn\u00e9 prehliadky a sk\u00fa\u0161ky &#8211; rev\u00edzie VTZ zdv\u00edhac\u00edch.<\/li><\/ul>\n\n\n\n<br>\n\n\n\n<div class=\"wp-block-button aligncenter\"><a class=\"wp-block-button__link\" href=\"http:\\\\joza.sk\">Sp\u00e4\u0165 na hlavn\u00fa str\u00e1nku<\/a><\/div>\n\n\n\n<p><\/p>\n","protected":false},"excerpt":{"rendered":"<p>Poradenstvo JOZA, s.r.o. v r\u00e1mci poradenstva poskytuje poradensk\u00e9 slu\u017eby v oblasti odborn\u00fdch, metodick\u00fdch, organiza\u010dn\u00fdch, kontroln\u00fdch, koordina\u010dn\u00fdch, vzdel\u00e1vac\u00edch a in\u00fdch \u00faloh pri zais\u0165ovan\u00ed v oblasti bezpe\u010dnosti a ochrany zdravia pri pr\u00e1ci, ochrany pred po\u017eiarmi a civilnej ochrany a pon\u00faka nasledovn\u00e9 slu\u017eby: \u2022 zabezpe\u010denie v\u00fdchovy a vzdel\u00e1vania a aktualiza\u010dn\u00fdch odborn\u00fdch pr\u00edprav v&#8230;<\/p>\n","protected":false},"author":1,"featured_media":0,"parent":0,"menu_order":0,"comment_status":"closed","ping_status":"closed","template":"","meta":{"footnotes":""},"class_list":["post-21","page","type-page","status-publish","hentry"],"_links":{"self":[{"href":"https:\/\/www.joza.sk\/index.php?rest_route=\/wp\/v2\/pages\/21","targetHints":{"allow":["GET"]}}],"collection":[{"href":"https:\/\/www.joza.sk\/index.php?rest_route=\/wp\/v2\/pages"}],"about":[{"href":"https:\/\/www.joza.sk\/index.php?rest_route=\/wp\/v2\/types\/page"}],"author":[{"embeddable":true,"href":"https:\/\/www.joza.sk\/index.php?rest_route=\/wp\/v2\/users\/1"}],"replies":[{"embeddable":true,"href":"https:\/\/www.joza.sk\/index.php?rest_route=%2Fwp%2Fv2%2Fcomments&post=21"}],"version-history":[{"count":8,"href":"https:\/\/www.joza.sk\/index.php?rest_route=\/wp\/v2\/pages\/21\/revisions"}],"predecessor-version":[{"id":1452,"href":"https:\/\/www.joza.sk\/index.php?rest_route=\/wp\/v2\/pages\/21\/revisions\/1452"}],"wp:attachment":[{"href":"https:\/\/www.joza.sk\/index.php?rest_route=%2Fwp%2Fv2%2Fmedia&parent=21"}],"curies":[{"name":"wp","href":"https:\/\/api.w.org\/{rel}","templated":true}]}}