{"id":1496,"date":"2024-11-20T12:10:32","date_gmt":"2024-11-20T11:10:32","guid":{"rendered":"https:\/\/www.joza.sk\/?page_id=1496"},"modified":"2024-11-20T12:17:21","modified_gmt":"2024-11-20T11:17:21","slug":"e-learning","status":"publish","type":"page","link":"https:\/\/www.joza.sk\/?page_id=1496","title":{"rendered":"E-learning"},"content":{"rendered":"\n<h2 class=\"wp-block-heading\">Vitajte na e-learningovom port\u00e1li Safetic zameranom na \u0161kolenia v oblasti BOZP a OPP.<\/h2>\n\n\n\n<p>K dispoz\u00edcii je viac ako 30 online \u0161kolen\u00ed, ktor\u00fdch po\u010det sa neust\u00e1le zvy\u0161uje. \u0160kolenia BOZP a OPP s\u00fa v nieko\u013ek\u00fdch jazykov\u00fdch verzi\u00e1ch (angli\u010dtina, ma\u010far\u010dina, ukrajin\u010dina a ru\u0161tina).<br><br>Zoznam \u0161kolen\u00ed, z ktor\u00fdch si m\u00f4\u017eete vybra\u0165:<br>&nbsp; &nbsp; &nbsp; &nbsp; &nbsp; &nbsp; &nbsp; &nbsp;<\/p>\n\n\n\n<ul class=\"wp-block-list\">\n<li>Bezpe\u010dnos\u0165 a ochrana zdravia pri pr\u00e1ci a ustanoven\u00e9 pracovn\u00e9 podmienky v rozsahu: 01.1 V\u00fdchova a vzdel\u00e1vanie zamestnancov a ved\u00facich zamestnancov&nbsp;(angli\u010dtina, ma\u010far\u010dina, ukrajin\u010dina a ru\u0161tina)<\/li>\n\n\n\n<li>Ochrana pred po\u017eiarmi&nbsp;(angli\u010dtina, ma\u010far\u010dina, ukrajin\u010dina a ru\u0161tina)<\/li>\n\n\n\n<li>BOZP pri pr\u00e1ci z domu<\/li>\n\n\n\n<li>Bezpe\u010dnos\u0165 pr\u00e1ce vodi\u010dov referentsk\u00fdch motorov\u00fdch vozidiel<\/li>\n\n\n\n<li>Pr\u00e1ce vo v\u00fd\u0161kach a nad vo\u013enou h\u013abkou<\/li>\n\n\n\n<li>Prv\u00e1 pomoc<\/li>\n\n\n\n<li>Pou\u010den\u00e1 osoba \u00a720 pod\u013ea vyhl\u00e1\u0161ky 508\/2009 Z.z.<\/li>\n\n\n\n<li>Hygiena potrav\u00edn<\/li>\n\n\n\n<li>Civiln\u00e1 ochrana<\/li>\n\n\n\n<li>Z\u00e1sady BOZP pri manipul\u00e1cii s chemick\u00fdmi l\u00e1tkami<\/li>\n\n\n\n<li>Priemyseln\u00e9 a profesion\u00e1lne vyu\u017eitie diizokyan\u00e1tov: V\u0161eobecn\u00e1 odborn\u00e1 pr\u00edprava<\/li>\n\n\n\n<li>Priemyseln\u00e9 a profesion\u00e1lne vyu\u017eitie diizokyan\u00e1tov: Stredne pokro\u010dil\u00e1 odborn\u00e1 pr\u00edprava<\/li>\n\n\n\n<li>Priemyseln\u00e9 a profesion\u00e1lne vyu\u017eitie diizokyan\u00e1tov: Pokro\u010dil\u00e1 odborn\u00e1 pr\u00edprava<\/li>\n\n\n\n<li>Obsluha VTZ zdv\u00edhac\u00edch sk. Aa, Ba1,2 &#8211; \u017eeriavy, zdv\u00edhadl\u00e1, vr\u00e1tky<\/li>\n\n\n\n<li>Obsluha VTZ zdv\u00edhac\u00edch sk. Ab &#8211; pohybliv\u00e1 pracovn\u00e1 plo\u0161ina<\/li>\n\n\n\n<li>Obsluha VTZ zdv\u00edhac\u00edch skupina Bc2 &#8211; pr\u00eddavn\u00e9 zdv\u00edhacie pr\u00edslu\u0161enstvo<\/li>\n\n\n\n<li>Obsluha VTZ zdv\u00edhac\u00edch sk. Bf &#8211; br\u00e1ny do zdvihom nad 2,7 m<\/li>\n\n\n\n<li>Viaza\u010d bremien na VTZ zdv\u00edhac\u00edch sk. Ba<\/li>\n\n\n\n<li>Obsluha VTZ tlakov\u00fdch sk. Ab1, Bb1<\/li>\n<\/ul>\n\n\n\n<p><\/p>\n\n\n\n<div class=\"wp-block-buttons is-layout-flex wp-block-buttons-is-layout-flex\">\n<div class=\"wp-block-button\"><a class=\"wp-block-button__link wp-element-button\" href=\"https:\/\/joza.safetic.sk\/\">Vst\u00fapi\u0165 do \u0161koliaceho centra<\/a><\/div>\n<\/div>\n\n\n\n<p><\/p>\n","protected":false},"excerpt":{"rendered":"<p>Vitajte na e-learningovom port\u00e1li Safetic zameranom na \u0161kolenia v oblasti BOZP a OPP. K dispoz\u00edcii je viac ako 30 online \u0161kolen\u00ed, ktor\u00fdch po\u010det sa neust\u00e1le zvy\u0161uje. \u0160kolenia BOZP a OPP s\u00fa v nieko\u013ek\u00fdch jazykov\u00fdch verzi\u00e1ch (angli\u010dtina, ma\u010far\u010dina, ukrajin\u010dina a ru\u0161tina). Zoznam \u0161kolen\u00ed, z ktor\u00fdch si m\u00f4\u017eete vybra\u0165:&nbsp; &nbsp; &nbsp; &nbsp;&#8230;<\/p>\n","protected":false},"author":1,"featured_media":0,"parent":0,"menu_order":0,"comment_status":"closed","ping_status":"closed","template":"","meta":{"footnotes":""},"class_list":["post-1496","page","type-page","status-publish","hentry"],"_links":{"self":[{"href":"https:\/\/www.joza.sk\/index.php?rest_route=\/wp\/v2\/pages\/1496","targetHints":{"allow":["GET"]}}],"collection":[{"href":"https:\/\/www.joza.sk\/index.php?rest_route=\/wp\/v2\/pages"}],"about":[{"href":"https:\/\/www.joza.sk\/index.php?rest_route=\/wp\/v2\/types\/page"}],"author":[{"embeddable":true,"href":"https:\/\/www.joza.sk\/index.php?rest_route=\/wp\/v2\/users\/1"}],"replies":[{"embeddable":true,"href":"https:\/\/www.joza.sk\/index.php?rest_route=%2Fwp%2Fv2%2Fcomments&post=1496"}],"version-history":[{"count":6,"href":"https:\/\/www.joza.sk\/index.php?rest_route=\/wp\/v2\/pages\/1496\/revisions"}],"predecessor-version":[{"id":1505,"href":"https:\/\/www.joza.sk\/index.php?rest_route=\/wp\/v2\/pages\/1496\/revisions\/1505"}],"wp:attachment":[{"href":"https:\/\/www.joza.sk\/index.php?rest_route=%2Fwp%2Fv2%2Fmedia&parent=1496"}],"curies":[{"name":"wp","href":"https:\/\/api.w.org\/{rel}","templated":true}]}}