{"id":1331,"date":"2020-04-02T14:01:43","date_gmt":"2020-04-02T13:01:43","guid":{"rendered":"http:\/\/www.joza.sk\/?page_id=1331"},"modified":"2020-04-05T20:04:44","modified_gmt":"2020-04-05T19:04:44","slug":"gdpr","status":"publish","type":"page","link":"https:\/\/www.joza.sk\/?page_id=1331","title":{"rendered":"Ochrana osobn\u00fdch \u00fadajov"},"content":{"rendered":"\n<h2 class=\"has-text-align-center wp-block-heading\"><strong>Inform\u00e1cie o sprac\u00favan\u00ed osobn\u00fdch \u00fadajov pre dotknut\u00fa osobu <\/strong><\/h2>\n\n\n\n<p class=\"has-text-align-center\">v zmysle ustanoven\u00ed&nbsp; Z\u00e1kona 18\/2018 Z.z. o ochrane osobn\u00fdch \u00fadajov a o zmene a doplnen\u00ed niektor\u00fdch z\u00e1konov&nbsp; a V\u0161eobecn\u00e9ho nariadenia o&nbsp;ochrane \u00fadajov \/GDPR\/<\/p>\n\n\n\n<p class=\"has-text-align-left\"><strong>V\u00e1\u017een\u00e1 dotknut\u00e1 osoba\/ uch\u00e1dza\u010d o zamestnanie, z\u00e1kazn\u00edk<\/strong><br><br>obchodn\u00e1 spolo\u010dnos\u0165 JOZA, s.r.o., s\u00eddlom M. R\u00e1zusa 1454\/5, 911 01 Tren\u010d\u00edn, I\u010cO: 36686981, zap\u00edsan\u00e1 v obchodnom registri Okresn\u00e9ho s\u00fadu v Tren\u010d\u00edne, oddiel: Sro,<br>vlo\u017eka \u010d\u00edslo: 17140\/R, konaj\u00faca konate\u013eom Ing. Jozefom Zajacom \/ \u010falej len prev\u00e1dzkovate\u013e\u201c\/ za \u00fa\u010delom uzatv\u00e1rania zmluvn\u00fdch vz\u0165ahov so z\u00e1kazn\u00edkmi pre realiz\u00e1ciu v\u00fdkonu predmetov \u010dinnosti podnikania, zmluvn\u00fdch vz\u0165ahov s uch\u00e1dza\u010dmi o zamestnanie, vy\u017eaduje Va\u0161e osobn\u00e9 \u00fadaje.  <br><br><strong>Bezpe\u010dnos\u0165 Va\u0161ich \u00fadajov a ich sprac\u00favanie z\u00e1konn\u00fdm sp\u00f4sobom je pre n\u00e1s prvorad\u00fdm z\u00e1ujmom.  Tu sa dozviete, ako Va\u0161e osobn\u00e9 \u00fadaje sprac\u00favame a ako zabezpe\u010dujeme ich bezpe\u010dnos\u0165:  <br><\/strong><br><strong>Identifika\u010dn\u00e9 a kontaktn\u00e9 \u00fadaje prev\u00e1dzkovate\u013ea:<\/strong><br>JOZA, s.r.o. <br>S\u00eddlo: M. R\u00e1zusa 1454\/5, 911 01 Tren\u010d\u00edn  <br>I\u010cO: 36 686 981 <br>Obchodn\u00e1 spolo\u010dnos\u0165 zap\u00edsan\u00e1 v obchodnom registri Okresn\u00e9ho s\u00fadu v Tren\u010d\u00edne, Oddiel: Sro, vlo\u017eka \u010d\u00edslo: 17140\/R  <br> konaj\u00faca konate\u013eom: Ing. Jozef Zajac <br> e-mail: <a href=\"mailto:joza@joza.sk\">joza@joza.sk<\/a>  <br> Tel. kontakt: 0905421344 <br><br> Zodpovedn\u00e1 osoba nebola ustanoven\u00e1.  <br> Ak\u00e9 osobn\u00e9 \u00fadaje sprac\u00fava prev\u00e1dzkovate\u013e a na ak\u00fd \u00fa\u010del?  <br><br> Prev\u00e1dzkovate\u013e sprac\u00fava osobn\u00e9 \u00fadaje v nadv\u00e4znosti na ustanovenia Z\u00e1kona \u010d. 18\/2018 Z. z. o ochrane osobn\u00fdch \u00fadajov a o zmene doplnen\u00ed niektor\u00fdch z\u00e1konov v nadv\u00e4znosti na ustanovenia V\u0161eobecn\u00e9ho nariadenia o ochrane \u00fadajov \/GDPR\/. <br><br><strong> Z\u00e1kazn\u00edk:  <br><\/strong><br>Be\u017en\u00e9 osobn\u00e9 \u00fadaje: meno, priezvisko, d\u00e1tum narodenia, trval\u00e9 bydlisko za \u00fa\u010delom uzatvorenia konkr\u00e9tnej zmluvy na realiz\u00e1ciu obchodu a uplatnenia pr\u00e1vnych n\u00e1rokov vypl\u00fdvaj\u00facich z konkr\u00e9tnej zmluvy,&nbsp; \u010falej kontaktn\u00e9 \u00fadaje: e-mailov\u00e1 adresa, telef\u00f3nne \u010d\u00edslo. &nbsp;Vymedzen\u00e9 osobn\u00e9 \u00fadaje s\u00fa teda sprac\u00favan\u00e9 na \u00fa\u010dely plnenia zmluvy. N\u00e1sledkom neposkytnutia osobn\u00fdch \u00fadajov m\u00f4\u017ee by\u0165 odmietnutie uzatvorenia zmluvn\u00e9ho vz\u0165ahu so z\u00e1kazn\u00edkom.  <br>Doba uchov\u00e1vania \u00fadajov: v s\u00falade so z\u00e1sadou minimaliz\u00e1cie, po nevyhnutn\u00fa dobu v zmysle v\u0161eobecne z\u00e1v\u00e4zn\u00fdch pr\u00e1vnych predpisov.  <br>Prev\u00e1dzkovate\u013e nezam\u00fd\u0161\u013ea prenies\u0165 osobn\u00e9 \u00fadaje do tretej krajiny alebo medzin\u00e1rodnej organiz\u00e1cie.  <br><br><strong> Dotknut\u00e1 osoba m\u00e1 pr\u00e1vo:  <\/strong><br> <strong>a<\/strong>\/ z\u00edska\u0165 od prev\u00e1dzkovate\u013ea potvrdenie o tom, \u010di sa sprac\u00favaj\u00fa osobn\u00e9 \u00fadaje, ktor\u00e9 sa jej t\u00fdkaj\u00fa. Ak prev\u00e1dzkovate\u013e tak\u00e9to osobn\u00e9 \u00fadaje sprac\u00fava, dotknut\u00e1 osoba m\u00e1 pr\u00e1vo z\u00edska\u0165 pr\u00edstup k t\u00fdmto osobn\u00fdm \u00fadajom a inform\u00e1cie o \u00fa\u010dele sprac\u00favania osobn\u00fdch \u00fadajov; kateg\u00f3rii sprac\u00favan\u00fdch osobn\u00fdch \u00fadajov; identifik\u00e1cii pr\u00edjemcu alebo o kateg\u00f3rii pr\u00edjemcu, ktor\u00e9mu boli alebo maj\u00fa by\u0165 osobn\u00e9 \u00fadaje poskytnut\u00e9, najm\u00e4 o pr\u00edjemcovi v tretej krajine alebo o medzin\u00e1rodnej organiz\u00e1cii, ak je to mo\u017en\u00e9; dobe uchov\u00e1vania osobn\u00fdch \u00fadajov,&nbsp; ak to nie je mo\u017en\u00e9, inform\u00e1ciu o krit\u00e9ri\u00e1ch jej ur\u010denia; pr\u00e1ve po\u017eadova\u0165 od prev\u00e1dzkovate\u013ea opravu osobn\u00fdch \u00fadajov t\u00fdkaj\u00facich sa dotknutej osoby, ich vymazanie alebo obmedzenie ich sprac\u00favania, alebo o pr\u00e1ve namieta\u0165 sprac\u00favanie osobn\u00fdch \u00fadajov; pr\u00e1ve poda\u0165 n\u00e1vrh na za\u010datie konania pod\u013ea \u00a7 100 z\u00e1kona \u010d. 18\/2018 Z.z.; zdroji osobn\u00fdch \u00fadajov, ak sa osobn\u00e9 \u00fadaje nez\u00edskali od dotknutej osoby; existencii automatizovan\u00e9ho individu\u00e1lneho rozhodovania vr\u00e1tane profilovania pod\u013ea \u00a7 28 ods. 1 a 4 z\u00e1kona \u010d. 18\/2018 Z.z.; v t\u00fdchto pr\u00edpadoch poskytne prev\u00e1dzkovate\u013e dotknutej osobe inform\u00e1cie najm\u00e4 o pou\u017eitom postupe, ako aj o v\u00fdzname a predpokladan\u00fdch d\u00f4sledkoch tak\u00e9ho sprac\u00favania osobn\u00fdch \u00fadajov pre dotknut\u00fa osobu; <br><br> <strong>b<\/strong>\/pr\u00e1vo na to, aby prev\u00e1dzkovate\u013e bez zbyto\u010dn\u00e9ho odkladu opravil nespr\u00e1vne osobn\u00e9 \u00fadaje, ktor\u00e9 sa jej t\u00fdkaj\u00fa. So zrete\u013eom na \u00fa\u010del sprac\u00favania osobn\u00fdch \u00fadajov m\u00e1 dotknut\u00e1 osoba pr\u00e1vo na doplnenie ne\u00fapln\u00fdch osobn\u00fdch \u00fadajov.  <br><br> <strong>c<\/strong>\/ pr\u00e1vo na to, aby prev\u00e1dzkovate\u013e obmedzil sprac\u00favanie osobn\u00fdch \u00fadajov, ak:<br>1\/ dotknut\u00e1 osoba namieta spr\u00e1vnos\u0165 osobn\u00fdch \u00fadajov, a to po\u010das obdobia umo\u017e\u0148uj\u00faceho prev\u00e1dzkovate\u013eovi overi\u0165 spr\u00e1vnos\u0165 osobn\u00fdch \u00fadajov, <br>2\/ sprac\u00favanie osobn\u00fdch \u00fadajov je nez\u00e1konn\u00e9 a dotknut\u00e1 osoba namieta vymazanie osobn\u00fdch \u00fadajov a \u017eiada namiesto toho obmedzenie ich pou\u017eitia, <br>3\/ prev\u00e1dzkovate\u013e u\u017e nepotrebuje osobn\u00e9 \u00fadaje na \u00fa\u010del sprac\u00favania osobn\u00fdch \u00fadajov, ale potrebuje ich dotknut\u00e1 osoba na uplatnenie pr\u00e1vneho n\u00e1roku, alebo <br>4\/ dotknut\u00e1 osoba namieta sprac\u00favanie osobn\u00fdch \u00fadajov pod\u013ea \u00a7 27 ods. 1 z\u00e1kona \u010d. 18\/2018 Z.z., a to a\u017e do overenia, \u010di opr\u00e1vnen\u00e9 d\u00f4vody na strane prev\u00e1dzkovate\u013ea preva\u017euj\u00fa nad opr\u00e1vnen\u00fdmi d\u00f4vodmi dotknutej osoby. <br>5\/&nbsp; pr\u00e1vo poda\u0165 na \u00darade na ochranu osobn\u00fdch \u00fadajov SR n\u00e1vrh na za\u010datie konania na ochranu osobn\u00fdch \u00fadajov pod\u013ea \u00a7 100 z\u00e1kona \u010d. 18\/2018 Z.z. <br><\/p>\n\n\n\n<p><strong>Kontaktn\u00e9 \u00fadaje \u00faradu:<\/strong><br> \u00darad na ochranu osobn\u00fdch \u00fadajov<br> Hrani\u010dn\u00e1 12<br> 820 07 Bratislava 27<br> Slovensk\u00e1 republika<br> Sekretari\u00e1t \u00faradu: +421 \/2\/ 3231 3214<br> E-mail: statny.dozor(zav)pdp.gov.sk<br> Fax: +421 \/2\/ 3231 3234<\/p>\n\n\n\n<br>\n\n\n\n<div class=\"wp-block-button aligncenter is-style-fill\"><a class=\"wp-block-button__link\" href=\"http:\/\/www.joza.sk\/\" style=\"border-radius:7px\">Sp\u00e4\u0165 na hlavn\u00fa str\u00e1nku<\/a><\/div>\n\n\n\n<p><\/p>\n","protected":false},"excerpt":{"rendered":"<p>Inform\u00e1cie o sprac\u00favan\u00ed osobn\u00fdch \u00fadajov pre dotknut\u00fa osobu v zmysle ustanoven\u00ed&nbsp; Z\u00e1kona 18\/2018 Z.z. o ochrane osobn\u00fdch \u00fadajov a o zmene a doplnen\u00ed niektor\u00fdch z\u00e1konov&nbsp; a V\u0161eobecn\u00e9ho nariadenia o&nbsp;ochrane \u00fadajov \/GDPR\/ V\u00e1\u017een\u00e1 dotknut\u00e1 osoba\/ uch\u00e1dza\u010d o zamestnanie, z\u00e1kazn\u00edk obchodn\u00e1 spolo\u010dnos\u0165 JOZA, s.r.o., s\u00eddlom M. R\u00e1zusa 1454\/5, 911 01 Tren\u010d\u00edn, I\u010cO:&#8230;<\/p>\n","protected":false},"author":1,"featured_media":0,"parent":0,"menu_order":0,"comment_status":"closed","ping_status":"closed","template":"","meta":{"footnotes":""},"class_list":["post-1331","page","type-page","status-publish","hentry"],"_links":{"self":[{"href":"https:\/\/www.joza.sk\/index.php?rest_route=\/wp\/v2\/pages\/1331","targetHints":{"allow":["GET"]}}],"collection":[{"href":"https:\/\/www.joza.sk\/index.php?rest_route=\/wp\/v2\/pages"}],"about":[{"href":"https:\/\/www.joza.sk\/index.php?rest_route=\/wp\/v2\/types\/page"}],"author":[{"embeddable":true,"href":"https:\/\/www.joza.sk\/index.php?rest_route=\/wp\/v2\/users\/1"}],"replies":[{"embeddable":true,"href":"https:\/\/www.joza.sk\/index.php?rest_route=%2Fwp%2Fv2%2Fcomments&post=1331"}],"version-history":[{"count":35,"href":"https:\/\/www.joza.sk\/index.php?rest_route=\/wp\/v2\/pages\/1331\/revisions"}],"predecessor-version":[{"id":1391,"href":"https:\/\/www.joza.sk\/index.php?rest_route=\/wp\/v2\/pages\/1331\/revisions\/1391"}],"wp:attachment":[{"href":"https:\/\/www.joza.sk\/index.php?rest_route=%2Fwp%2Fv2%2Fmedia&parent=1331"}],"curies":[{"name":"wp","href":"https:\/\/api.w.org\/{rel}","templated":true}]}}